{"id":99,"date":"2019-09-23T15:04:01","date_gmt":"2019-09-23T13:04:01","guid":{"rendered":"http:\/\/ggs-am-quadenweg.de\/c97_Xa3_\/?page_id=99"},"modified":"2019-10-02T11:10:32","modified_gmt":"2019-10-02T09:10:32","slug":"schulsozialarbeit","status":"publish","type":"page","link":"https:\/\/ggs-am-quadenweg.de\/c97_Xa3_\/fuer-eltern\/schulsozialarbeit\/","title":{"rendered":"Schulsozialarbeit"},"content":{"rendered":"\n<p>Seit\n2015 wird die Schule und die OGS von der Schulsozialarbeiterin Frau Quadstege\nunterst\u00fctzt. Sie ist Ansprechpartnerin f\u00fcr die Kinder, Eltern, Lehrer,\nOGS-Mitarbeiter und au\u00dferschulische Institutionen. <\/p>\n\n\n\n<p><strong>Aufgaben:<\/strong><strong><\/strong><\/p>\n\n\n\n<ul class=\"wp-block-list\"><li>Vernetzung zwischen Lehrern, Eltern, Kinder, OGS und anderen Institutionen<\/li><li>Beratung von Sch\u00fclerInnen und Eltern bei famili\u00e4ren oder schulischen Konflikten<ul><li>Sch\u00fclerInnen: z.B. bei Schulschwierigkeiten, Problemen und Konflikte mit Freunden, Eltern oder Lehrern<\/li><li>Eltern: z.B. Konfliktsituationen mit den Kindern, Erziehungsfragen, Kontaktherstellung zu \u00f6ffentlichen Diensten oder Beratungsstellen <\/li><\/ul><\/li><li>Sozialp\u00e4dagogische Gruppenangebote und Projekte<\/li><li>Konfliktbew\u00e4ltigung \/ Gewaltpr\u00e4vention<\/li><li>Vernetzung mit au\u00dferschulischen Institutionen<\/li><li>Offene Freizeitangebote<\/li><li>\u201eBildungs- und Teilhabepaket\u201c <\/li><\/ul>\n\n\n\n<p>Finanzielle Unterst\u00fctzung f\u00fcr Kinder, deren Familien Arbeitslosengeld II, Sozialhilfe, Kinderzuschlag, Wohngeld oder Leistungen nach \u00a72 AsylblG beziehen.<\/p>\n\n\n\n<ul class=\"wp-block-list\"><li>Beratung<\/li><li>Unterst\u00fctzung\nbei Antragstellungen<\/li><li>Lernf\u00f6rderung<\/li><\/ul>\n\n\n\n<p>Kontakt: 0281 &#8211; 20680904<\/p>\n","protected":false},"excerpt":{"rendered":"<p>Seit 2015 wird die Schule und die OGS von der Schulsozialarbeiterin Frau Quadstege unterst\u00fctzt. Sie ist Ansprechpartnerin f\u00fcr die Kinder, Eltern, Lehrer, OGS-Mitarbeiter und au\u00dferschulische Institutionen. Aufgaben: Vernetzung zwischen Lehrern, &#8230;<\/p>\n","protected":false},"author":1,"featured_media":0,"parent":47,"menu_order":0,"comment_status":"closed","ping_status":"closed","template":"","meta":{"footnotes":""},"class_list":["post-99","page","type-page","status-publish","hentry"],"_links":{"self":[{"href":"https:\/\/ggs-am-quadenweg.de\/c97_Xa3_\/wp-json\/wp\/v2\/pages\/99","targetHints":{"allow":["GET"]}}],"collection":[{"href":"https:\/\/ggs-am-quadenweg.de\/c97_Xa3_\/wp-json\/wp\/v2\/pages"}],"about":[{"href":"https:\/\/ggs-am-quadenweg.de\/c97_Xa3_\/wp-json\/wp\/v2\/types\/page"}],"author":[{"embeddable":true,"href":"https:\/\/ggs-am-quadenweg.de\/c97_Xa3_\/wp-json\/wp\/v2\/users\/1"}],"replies":[{"embeddable":true,"href":"https:\/\/ggs-am-quadenweg.de\/c97_Xa3_\/wp-json\/wp\/v2\/comments?post=99"}],"version-history":[{"count":3,"href":"https:\/\/ggs-am-quadenweg.de\/c97_Xa3_\/wp-json\/wp\/v2\/pages\/99\/revisions"}],"predecessor-version":[{"id":211,"href":"https:\/\/ggs-am-quadenweg.de\/c97_Xa3_\/wp-json\/wp\/v2\/pages\/99\/revisions\/211"}],"up":[{"embeddable":true,"href":"https:\/\/ggs-am-quadenweg.de\/c97_Xa3_\/wp-json\/wp\/v2\/pages\/47"}],"wp:attachment":[{"href":"https:\/\/ggs-am-quadenweg.de\/c97_Xa3_\/wp-json\/wp\/v2\/media?parent=99"}],"curies":[{"name":"wp","href":"https:\/\/api.w.org\/{rel}","templated":true}]}}