{"id":97,"date":"2019-09-23T15:03:11","date_gmt":"2019-09-23T13:03:11","guid":{"rendered":"http:\/\/ggs-am-quadenweg.de\/c97_Xa3_\/?page_id=97"},"modified":"2024-02-06T08:28:11","modified_gmt":"2024-02-06T07:28:11","slug":"haeufige-fragen","status":"publish","type":"page","link":"https:\/\/ggs-am-quadenweg.de\/c97_Xa3_\/fuer-eltern\/haeufige-fragen\/","title":{"rendered":"H\u00e4ufige Fragen"},"content":{"rendered":"\n<p><strong>A <\/strong><\/p>\n\n\n\n<p><strong>\u00c4<\/strong>nderung von\npers\u00f6nlichen Daten <br>\nJede \u00c4nderung der Adresse, Mobiltelefonnummer oder weiterer wichtiger Daten\nmuss der Schule umgehend mitgeteilt werden.<\/p>\n\n\n\n<p><strong>A<\/strong>nsprechpartner <br>\n&#8230; ist die Klassenlehrerin\/der Klassenlehrer.&nbsp;Wenn Sie etwas Wichtiges\nmit ihr\/ihm besprechen m\u00f6chten, rufen Sie in der Schule an oder vereinbaren Sie\neinen Gespr\u00e4chstermin f\u00fcr die Sprechstunde einer Lehrerin oder eines Lehrers.<\/p>\n\n\n\n<p><strong>A<\/strong>nsteckende Krankheiten <br>Bei ansteckenden Erkrankungen (wie z.B. Grippe, Keuchhusten usw.) d\u00fcrfen Sie Ihr Kind nicht in die Schule schicken und m\u00fcssen uns dar\u00fcber umgehend informieren.<\/p>\n\n\n\n<p><strong>B <\/strong><\/p>\n\n\n\n<p><strong>B<\/strong>eurlaubung <br>M\u00fcssen schriftlich beantragt werden. Vor und nach den Ferien &nbsp;ist eine Beurlaubung nicht m\u00f6glich.<\/p>\n\n\n\n<p><strong>B<\/strong>uT <br>Ansprechpartner ist die Schulsozialarbeiterin Frau  Quadstege.&nbsp; &nbsp;&nbsp; <\/p>\n\n\n\n<p><strong>C <\/strong><\/p>\n\n\n\n<p><strong>C<\/strong>haos <br>Bitte kontrollieren Sie regelm\u00e4\u00dfig die Taschen Ihres Kindes und r\u00e4umen gemeinsam mit ihrem Kind den Tornister auf. Besonders h\u00e4ufig fehlen Radiergummi, Bleistift, Schere, Klebestift und Lineal.<\/p>\n\n\n\n<p><strong>E<\/strong><\/p>\n\n\n\n<p><strong>E<\/strong>lternabend<br>Zu Elternabenden (Klassenpflegschaftsversammlung) werden Sie regelm\u00e4\u00dfig eingeladen. Sagen Sie bitte rechtzeitig ab, falls Sie nicht teilnehmen k\u00f6nnen.<\/p>\n\n\n\n<p><strong>E<\/strong>ntschuldigung:\nsiehe Krankmeldung <\/p>\n\n\n\n<p><strong>F<\/strong>r\u00fchst\u00fcck <\/p>\n\n\n\n<p>Bitte geben Sie Ihrem Kind t\u00e4glich ein gesundes Fr\u00fchst\u00fcck\nund als Getr\u00e4nk Wasser oder unges\u00fc\u00dften Tee mit zur Schule. Keine S\u00fc\u00dfigkeiten.\nKeine Getr\u00e4nke in Dosen. Keine Glasflaschen.<\/p>\n\n\n\n<p><strong>G <\/strong><\/p>\n\n\n\n<p><strong>G<\/strong>anztag <br>Unser Ganztag ist bis 16.00 Uhr ge\u00f6ffnet.<br>Falls Sie Fragen haben, stehen Ihnen die Mitarbeiter des\u00a0<strong>Ganztages\u00a0ab 11 Uhr <\/strong>unter folgender Telefonnummer f\u00fcr Antworten zur Verf\u00fcgung: 0281 &#8211; 2063729 oder 0178 &#8211; 6095370 <\/p>\n\n\n\n<p><strong>G<\/strong>eburtstag des Kindes<br>Der Geburtstag eines Kindes ist ein besonderer Tag und er wird bei uns in der Schule auch so gew\u00fcrdigt. Die Klassenlehrerin entscheidet, wie gefeiert wird. Wenn&nbsp; das Kind etwas f\u00fcr die Klasse mitbringen m\u00f6chte, kann es das gerne tun. <\/p>\n\n\n\n<p><strong>H <\/strong><\/p>\n\n\n\n<p><strong>H<\/strong>andys<br>Das Benutzen von Handys und Smartwatches ist in unserer Schule f\u00fcr Sch\u00fcler\/innen verboten. <\/p>\n\n\n\n<p><strong>J<\/strong>ekits <br>Ansprechpartner ist die Musikschule Wesel (Telefon: 0281 &#8211; 23890).<\/p>\n\n\n\n<p><strong>K <\/strong><\/p>\n\n\n\n<p><strong>K<\/strong>lassenpflegschaft\ns. Elternabend<\/p>\n\n\n\n<p><strong>K<\/strong>rankmeldung &nbsp;<br>Kann Ihr Kind wegen Krankheit nicht am Unterricht teilnehmen, so sollten Sie Ihr Kind umgehend \u00fcber Sdui mit Angabe eines Grundes krankmelden. <br>Ab drei Fehltagen legen Sie bitte eine Bescheinigung des Arztes vor. Auch wenn Ihr Kind l\u00e4ngere Zeit am Sportunterricht nicht teilnehmen darf, ben\u00f6tigen wir eine Bescheinigung des Arztes. <\/p>\n\n\n\n<p><strong>L <\/strong><\/p>\n\n\n\n<p><strong>L<\/strong>\u00e4use m\u00fcssen der\nSchule sofort gemeldet werden. Informationen werden Ihnen durch den\nKlassenlehrer, Klassenlehrerin zukommen. <\/p>\n\n\n\n<p>M <\/p>\n\n\n\n<p><strong>M<\/strong>artinszug: Die\nSchule veranstaltet jedes Jahr einen Martinszug. Nach dem Zug findet auf dem\nSchulhof ein Martinsspiel statt (siehe hierzu auch \u201eTermine &#8211;&gt;\nTerminliste\u201c).<\/p>\n\n\n\n<p>N <\/p>\n\n\n\n<p><strong>N<\/strong>otfalltelefonnummer<br>Bitte teilen Sie uns eine Telefonnummer mit unter der Sie bei Notf\u00e4llen auf jeden Fall zu erreichen sind. Diese muss immer aktuell sein. Geben Sie uns weitere Nummern, falls wir Sie nicht konstant unter dieser Nummer erreichen k\u00f6nnen. <\/p>\n\n\n\n<p><strong>O<br>O<\/strong>GS&nbsp; siehe Ganztag<\/p>\n\n\n\n<p><strong>P <\/strong><\/p>\n\n\n\n<p><strong>P<\/strong>aten<br>\nJeder Schulneuling wird von einem Paten aus der vierten Stufe bei der\nEinschulung begr\u00fc\u00dft und im ersten Jahr unterst\u00fctzt.<\/p>\n\n\n\n<p><strong>P<\/strong>\u00fcnktlichkeit <\/p>\n\n\n\n<p>&#8230; ist wichtig! Der Unterricht startet um 7.55 Uhr. D.h., dass die Kinder dann auf ihrem Platz sitzen sollten\ud83d\ude09 Ab 7:40 Uhr nehmen die Lehrkr\u00e4fte die Kinder im Klassenzimmer im Rahmen des offenen Anfangs in Empfang.<\/p>\n\n\n\n<p><strong>R <\/strong><\/p>\n\n\n\n<p><strong>R<\/strong>adfahrausbildung<br>In der vierten Stufe wird jedes Jahr die Radfahrausbildung in Zusammenarbeit mit der Polizei durchgef\u00fchrt. <br>Wir empfehlen Ihnen Ihr Kind nicht vor Abschluss der Radfahrausbildung mit dem Fahrrad zur Schule zu schicken.<\/p>\n\n\n\n<p><strong>R<\/strong>auchen<br>Es besteht auf dem Schulgel\u00e4nde, im Schulgeb\u00e4ude und bei Schulveranstaltungen ein Rauchverbot.<\/p>\n\n\n\n<p><strong>S <\/strong><\/p>\n\n\n\n<p><strong>S<\/strong>chulb\u00fccher <br>Viele B\u00fccher werden von der Schule zur Verf\u00fcgung gestellt.<br>Wir bitten darum, diese sehr sorgf\u00e4ltig zu behandeln und mit Umschl\u00e4gen zu versehen. Besch\u00e4digte oder beschmutzte B\u00fccher m\u00fcssen auf Kosten der Eltern ersetzt werden. <\/p>\n\n\n\n<p><strong>S<\/strong>chulsozialarbeit <br>Unsere Schulsozialarbeiterin Frau Quadstege &nbsp;istt\u00e4glich f\u00fcr Kinder und Eltern da. Gern k\u00f6nnen Sie einen Gespr\u00e4chstermin vereinbaren. <br>Tel.-Nr. der Schulsozialarbeiterin:&nbsp;0281 &#8211; 20680904 <\/p>\n\n\n\n<p><strong>S<\/strong>ekretariat<br>Unsere Sekret\u00e4rin Frau Drees ist entweder im Sekretariat oder unter der Telefonnummer 0281 &#8211; 530571 zu erreichen. Die B\u00fcrozeiten sind Montag bis Freitag von 7.30 Uhr bis 12 Uhr.<\/p>\n\n\n\n<p><strong>T<\/strong><\/p>\n\n\n\n<p><strong>T<\/strong>ermine<\/p>\n\n\n\n<p>Eine Terminliste \u00fcber die wichtigsten Termine innerhalb des Schuljahres finden Sie auf unserer Homepage unter der Rubrik \u201eSchulleben\u201c und \u201eF\u00fcr Eltern &#8211; Termine\u201c. <\/p>\n\n\n\n<p><strong>T<\/strong>herapietermine<\/p>\n\n\n\n<p>Bitte haben Sie Verst\u00e4ndnis daf\u00fcr, dass Therapie- oder sonstige Arzttermine auf au\u00dferhalb der Schulzeit gelegt werden m\u00fcssen. Ihr Kind ist schulpflichtig und darf dem Unterricht somit nicht fernbleiben. <\/p>\n\n\n\n<p><strong>U <\/strong><\/p>\n\n\n\n<p><strong>U<\/strong>mzug<br>Bitte teilen Sie uns bei einem Umzug umgehend Ihre neuen Kontaktdaten mit.<\/p>\n\n\n\n<p><br><strong>U<\/strong>nfallmeldung<br>Wenn sich Ihr Kind in der Schule oder auf dem Schulweg so schwer verletzt, dass es einen Arzt aufsuchen muss, m\u00fcssen wir eine Unfallmeldung machen. Bitte benachrichtigen Sie die Klassenlehrerin\/den Klassenlehrer und melden sich im Sekretariat. <\/p>\n\n\n\n<p><strong>U<\/strong>nterrichtszeiten:\n<\/p>\n\n\n\n<p>ab 7.40 Uhr offener Anfang<\/p>\n\n\n\n<p>1.Stunde&nbsp;&nbsp;  7.55 Uhr&nbsp; bis&nbsp; 8.40 Uhr<br>2.Stunde&nbsp;&nbsp;&nbsp; 8.45 Uhr&nbsp; bis&nbsp; 9.30 Uhr<br>3.Stunde&nbsp;&nbsp;&nbsp; 9.55 Uhr&nbsp; bis 10.40 Uhr<br>4.Stunde&nbsp;&nbsp; 10.45 Uhr bis 11.30 Uhr<br>5.Stunde&nbsp;&nbsp; 11.45 Uhr bis 12.30 Uhr<br>6.Stunde&nbsp;&nbsp; 12.35 Uhr bis 13.20 Uhr<\/p>\n\n\n\n<p><strong>Z <\/strong><\/p>\n\n\n\n<p><strong>Z<\/strong>ahnarzt<br>Jedes Jahr kommt der Schulzahnarzt in die Schule und untersucht alle Kinder. <br>Kinder, bei denen er Auff\u00e4lligkeiten feststellt, erhalten eine Karte mit der Empfehlung, einen Zahnarzt aufzusuchen. Zus\u00e4tzlich werden in allen Stufen Veranstaltungen zur Zahnprophylaxe vom Gesundheitsamt durchgef\u00fchrt.<\/p>\n\n\n\n<p><strong>Z<\/strong>eugnisse<br>Alle Kinder erhalten zum Ende eines Schuljahres, vor den Sommerferien, ein Zeugnis.<br>Die Sch\u00fcler der dritten und vierten Klassen erhalten zus\u00e4tzlich zum Ende des ersten Schulhalbjahres im Januar bzw. Anfang Februar ein Zeugnis.<\/p>\n","protected":false},"excerpt":{"rendered":"<p>A \u00c4nderung von pers\u00f6nlichen Daten Jede \u00c4nderung der Adresse, Mobiltelefonnummer oder weiterer wichtiger Daten muss der Schule umgehend mitgeteilt werden. Ansprechpartner &#8230; ist die Klassenlehrerin\/der Klassenlehrer.&nbsp;Wenn Sie etwas Wichtiges mit &#8230;<\/p>\n","protected":false},"author":1,"featured_media":0,"parent":47,"menu_order":0,"comment_status":"closed","ping_status":"closed","template":"","meta":{"footnotes":""},"class_list":["post-97","page","type-page","status-publish","hentry"],"_links":{"self":[{"href":"https:\/\/ggs-am-quadenweg.de\/c97_Xa3_\/wp-json\/wp\/v2\/pages\/97","targetHints":{"allow":["GET"]}}],"collection":[{"href":"https:\/\/ggs-am-quadenweg.de\/c97_Xa3_\/wp-json\/wp\/v2\/pages"}],"about":[{"href":"https:\/\/ggs-am-quadenweg.de\/c97_Xa3_\/wp-json\/wp\/v2\/types\/page"}],"author":[{"embeddable":true,"href":"https:\/\/ggs-am-quadenweg.de\/c97_Xa3_\/wp-json\/wp\/v2\/users\/1"}],"replies":[{"embeddable":true,"href":"https:\/\/ggs-am-quadenweg.de\/c97_Xa3_\/wp-json\/wp\/v2\/comments?post=97"}],"version-history":[{"count":7,"href":"https:\/\/ggs-am-quadenweg.de\/c97_Xa3_\/wp-json\/wp\/v2\/pages\/97\/revisions"}],"predecessor-version":[{"id":1187,"href":"https:\/\/ggs-am-quadenweg.de\/c97_Xa3_\/wp-json\/wp\/v2\/pages\/97\/revisions\/1187"}],"up":[{"embeddable":true,"href":"https:\/\/ggs-am-quadenweg.de\/c97_Xa3_\/wp-json\/wp\/v2\/pages\/47"}],"wp:attachment":[{"href":"https:\/\/ggs-am-quadenweg.de\/c97_Xa3_\/wp-json\/wp\/v2\/media?parent=97"}],"curies":[{"name":"wp","href":"https:\/\/api.w.org\/{rel}","templated":true}]}}