{"id":866,"date":"2020-12-15T12:23:15","date_gmt":"2020-12-15T11:23:15","guid":{"rendered":"https:\/\/ggs-am-quadenweg.de\/c97_Xa3_\/?page_id=866"},"modified":"2020-12-15T12:33:29","modified_gmt":"2020-12-15T11:33:29","slug":"nikolaus","status":"publish","type":"page","link":"https:\/\/ggs-am-quadenweg.de\/c97_Xa3_\/nikolaus\/","title":{"rendered":"Nikolaus"},"content":{"rendered":"\n<p>Stand: 15. Dezember 2020 <\/p>\n\n\n\n<p>&nbsp;&nbsp;&nbsp;&nbsp;&nbsp;&nbsp;&nbsp;&nbsp;&nbsp;&nbsp;&nbsp;&nbsp;&nbsp;&nbsp;&nbsp;&nbsp;&nbsp;&nbsp;&nbsp;&nbsp;&nbsp;&nbsp;&nbsp;&nbsp;&nbsp;&nbsp;&nbsp;&nbsp;&nbsp;&nbsp;&nbsp;&nbsp;&nbsp;&nbsp;&nbsp;&nbsp;&nbsp;&nbsp;&nbsp;&nbsp;&nbsp;&nbsp;&nbsp;&nbsp;&nbsp;&nbsp;&nbsp;&nbsp;&nbsp;&nbsp; <strong><span class=\"has-inline-color has-vivid-red-color\">Der Nikolaus war da !!! <\/span><\/strong><\/p>\n\n\n\n<p>Der Nikolaus war da\u2026. Danke an den F\u00f6rderverein und Edeka Komp, die den Nikolaus darin unterst\u00fctzt haben, jedem Kind etwas in den Stiefel zu tun. Die Freude war riesig:-) Besonders wenn es uns gut geht, wollen wir auch an Andere denken. Die Kinder der Klassen 3 und 4 haben flei\u00dfig gebastelt, zur Jahreszeit passende Gedichte in allersch\u00f6nster Sonntagsschrift aufgeschrieben und diese an einige Altenheime der Umgebung abgeben. Wenn es wieder m\u00f6glich ist, wollen wir den Kontakt intensivieren.<\/p>\n\n\n\n<figure class=\"wp-block-image size-large is-resized\"><img loading=\"lazy\" decoding=\"async\" src=\"https:\/\/ggs-am-quadenweg.de\/c97_Xa3_\/wp-content\/uploads\/2020\/12\/Collage-Schule1-1.jpg\" alt=\"\" class=\"wp-image-859\" width=\"742\" height=\"537\" srcset=\"https:\/\/ggs-am-quadenweg.de\/c97_Xa3_\/wp-content\/uploads\/2020\/12\/Collage-Schule1-1.jpg 480w, https:\/\/ggs-am-quadenweg.de\/c97_Xa3_\/wp-content\/uploads\/2020\/12\/Collage-Schule1-1-300x217.jpg 300w\" sizes=\"auto, (max-width: 742px) 100vw, 742px\" \/><\/figure>\n","protected":false},"excerpt":{"rendered":"<p>Stand: 15. Dezember 2020 &nbsp;&nbsp;&nbsp;&nbsp;&nbsp;&nbsp;&nbsp;&nbsp;&nbsp;&nbsp;&nbsp;&nbsp;&nbsp;&nbsp;&nbsp;&nbsp;&nbsp;&nbsp;&nbsp;&nbsp;&nbsp;&nbsp;&nbsp;&nbsp;&nbsp;&nbsp;&nbsp;&nbsp;&nbsp;&nbsp;&nbsp;&nbsp;&nbsp;&nbsp;&nbsp;&nbsp;&nbsp;&nbsp;&nbsp;&nbsp;&nbsp;&nbsp;&nbsp;&nbsp;&nbsp;&nbsp;&nbsp;&nbsp;&nbsp;&nbsp; Der Nikolaus war da !!! Der Nikolaus war da\u2026. Danke an den F\u00f6rderverein und Edeka Komp, die den Nikolaus darin unterst\u00fctzt haben, jedem Kind etwas &#8230;<\/p>\n","protected":false},"author":2,"featured_media":0,"parent":0,"menu_order":0,"comment_status":"closed","ping_status":"closed","template":"","meta":{"footnotes":""},"class_list":["post-866","page","type-page","status-publish","hentry"],"_links":{"self":[{"href":"https:\/\/ggs-am-quadenweg.de\/c97_Xa3_\/wp-json\/wp\/v2\/pages\/866","targetHints":{"allow":["GET"]}}],"collection":[{"href":"https:\/\/ggs-am-quadenweg.de\/c97_Xa3_\/wp-json\/wp\/v2\/pages"}],"about":[{"href":"https:\/\/ggs-am-quadenweg.de\/c97_Xa3_\/wp-json\/wp\/v2\/types\/page"}],"author":[{"embeddable":true,"href":"https:\/\/ggs-am-quadenweg.de\/c97_Xa3_\/wp-json\/wp\/v2\/users\/2"}],"replies":[{"embeddable":true,"href":"https:\/\/ggs-am-quadenweg.de\/c97_Xa3_\/wp-json\/wp\/v2\/comments?post=866"}],"version-history":[{"count":4,"href":"https:\/\/ggs-am-quadenweg.de\/c97_Xa3_\/wp-json\/wp\/v2\/pages\/866\/revisions"}],"predecessor-version":[{"id":873,"href":"https:\/\/ggs-am-quadenweg.de\/c97_Xa3_\/wp-json\/wp\/v2\/pages\/866\/revisions\/873"}],"wp:attachment":[{"href":"https:\/\/ggs-am-quadenweg.de\/c97_Xa3_\/wp-json\/wp\/v2\/media?parent=866"}],"curies":[{"name":"wp","href":"https:\/\/api.w.org\/{rel}","templated":true}]}}