{"id":824,"date":"2020-10-25T19:50:05","date_gmt":"2020-10-25T18:50:05","guid":{"rendered":"https:\/\/ggs-am-quadenweg.de\/c97_Xa3_\/?page_id=824"},"modified":"2020-10-25T19:50:06","modified_gmt":"2020-10-25T18:50:06","slug":"tag-des-sports","status":"publish","type":"page","link":"https:\/\/ggs-am-quadenweg.de\/c97_Xa3_\/tag-des-sports\/","title":{"rendered":"Tag des Sports"},"content":{"rendered":"\n<p>Stand 01.10.&nbsp; 2020<\/p>\n\n\n\n<p>&nbsp;<\/p>\n\n\n\n<figure class=\"wp-block-image size-medium is-resized\"><img loading=\"lazy\" decoding=\"async\" src=\"https:\/\/ggs-am-quadenweg.de\/c97_Xa3_\/wp-content\/uploads\/2020\/09\/Logo_Quadenweg_v5-300x104.jpg\" alt=\"\" class=\"wp-image-782\" width=\"300\" height=\"104\" srcset=\"https:\/\/ggs-am-quadenweg.de\/c97_Xa3_\/wp-content\/uploads\/2020\/09\/Logo_Quadenweg_v5-300x104.jpg 300w, https:\/\/ggs-am-quadenweg.de\/c97_Xa3_\/wp-content\/uploads\/2020\/09\/Logo_Quadenweg_v5-1024x356.jpg 1024w, https:\/\/ggs-am-quadenweg.de\/c97_Xa3_\/wp-content\/uploads\/2020\/09\/Logo_Quadenweg_v5-768x267.jpg 768w, https:\/\/ggs-am-quadenweg.de\/c97_Xa3_\/wp-content\/uploads\/2020\/09\/Logo_Quadenweg_v5-1536x534.jpg 1536w, https:\/\/ggs-am-quadenweg.de\/c97_Xa3_\/wp-content\/uploads\/2020\/09\/Logo_Quadenweg_v5-2048x712.jpg 2048w\" sizes=\"auto, (max-width: 300px) 100vw, 300px\" \/><figcaption><strong>Es war ein voller Erfolg!!!!<\/strong><\/figcaption><\/figure>\n\n\n\n<p>Am Mittwoch, den 30.09.2020, war&nbsp;unser Sporttag: Fazit: Es war ein grandioser Tag, die Kinder waren begeistert!!!<\/p>\n\n\n\n<div class=\"wp-block-image is-style-default\"><figure class=\"aligncenter size-large is-resized\"><img decoding=\"async\" src=\"https:\/\/ggs-am-quadenweg.de\/c97_Xa3_\/wp-content\/uploads\/2020\/09\/Sporttag-1024x362.jpg\" alt=\"\" class=\"wp-image-806\" width=\"-47\" height=\"-16\" srcset=\"https:\/\/ggs-am-quadenweg.de\/c97_Xa3_\/wp-content\/uploads\/2020\/09\/Sporttag-1024x362.jpg 1024w, https:\/\/ggs-am-quadenweg.de\/c97_Xa3_\/wp-content\/uploads\/2020\/09\/Sporttag-300x106.jpg 300w, https:\/\/ggs-am-quadenweg.de\/c97_Xa3_\/wp-content\/uploads\/2020\/09\/Sporttag-768x271.jpg 768w, https:\/\/ggs-am-quadenweg.de\/c97_Xa3_\/wp-content\/uploads\/2020\/09\/Sporttag.jpg 1180w\" sizes=\"(max-width: 1024px) 100vw, 1024px\" \/><\/figure><\/div>\n\n\n\n<p>&nbsp;<\/p>\n\n\n\n<p>Dank unserer tollen Kooperationspartner<\/p>\n\n\n\n<ul class=\"wp-block-list\"><li>Clever Fit<\/li><li>PSV Wesel<\/li><li>Badminton Rot- Wei\u00df<\/li><\/ul>\n\n\n\n<p>konnten alle Kinder unserer Schule an einem besonderen Sportangebot teilnehmen. Alle waren restlos begeistert.<\/p>\n\n\n\n<p>Ein besonderer Dank geht an die Soccerhalle Wesel, Herrn Roger R\u00fctter, f\u00fcr die freundliche \u00dcberlassung der Halle!<\/p>\n\n\n\n<figure class=\"wp-block-gallery columns-3 is-cropped wp-block-gallery-1 is-layout-flex wp-block-gallery-is-layout-flex\"><ul class=\"blocks-gallery-grid\"><li class=\"blocks-gallery-item\"><figure><img loading=\"lazy\" decoding=\"async\" width=\"1024\" height=\"768\" src=\"https:\/\/ggs-am-quadenweg.de\/c97_Xa3_\/wp-content\/uploads\/2020\/10\/IMG_3746-1024x768.jpg\" alt=\"\" data-id=\"810\" data-link=\"https:\/\/ggs-am-quadenweg.de\/c97_Xa3_\/wichtige-information\/img_3746\/\" class=\"wp-image-810\" srcset=\"https:\/\/ggs-am-quadenweg.de\/c97_Xa3_\/wp-content\/uploads\/2020\/10\/IMG_3746-1024x768.jpg 1024w, https:\/\/ggs-am-quadenweg.de\/c97_Xa3_\/wp-content\/uploads\/2020\/10\/IMG_3746-300x225.jpg 300w, https:\/\/ggs-am-quadenweg.de\/c97_Xa3_\/wp-content\/uploads\/2020\/10\/IMG_3746-768x576.jpg 768w, https:\/\/ggs-am-quadenweg.de\/c97_Xa3_\/wp-content\/uploads\/2020\/10\/IMG_3746-1536x1152.jpg 1536w, https:\/\/ggs-am-quadenweg.de\/c97_Xa3_\/wp-content\/uploads\/2020\/10\/IMG_3746.jpg 2016w\" sizes=\"auto, (max-width: 1024px) 100vw, 1024px\" \/><\/figure><\/li><li class=\"blocks-gallery-item\"><figure><img loading=\"lazy\" decoding=\"async\" width=\"1024\" height=\"768\" src=\"https:\/\/ggs-am-quadenweg.de\/c97_Xa3_\/wp-content\/uploads\/2020\/10\/IMG_3749-1024x768.jpg\" alt=\"\" data-id=\"811\" data-link=\"https:\/\/ggs-am-quadenweg.de\/c97_Xa3_\/wichtige-information\/img_3749\/\" class=\"wp-image-811\" srcset=\"https:\/\/ggs-am-quadenweg.de\/c97_Xa3_\/wp-content\/uploads\/2020\/10\/IMG_3749-1024x768.jpg 1024w, https:\/\/ggs-am-quadenweg.de\/c97_Xa3_\/wp-content\/uploads\/2020\/10\/IMG_3749-300x225.jpg 300w, https:\/\/ggs-am-quadenweg.de\/c97_Xa3_\/wp-content\/uploads\/2020\/10\/IMG_3749-768x576.jpg 768w, https:\/\/ggs-am-quadenweg.de\/c97_Xa3_\/wp-content\/uploads\/2020\/10\/IMG_3749-1536x1152.jpg 1536w, https:\/\/ggs-am-quadenweg.de\/c97_Xa3_\/wp-content\/uploads\/2020\/10\/IMG_3749.jpg 2016w\" sizes=\"auto, (max-width: 1024px) 100vw, 1024px\" \/><\/figure><\/li><li class=\"blocks-gallery-item\"><figure><img loading=\"lazy\" decoding=\"async\" width=\"1024\" height=\"768\" src=\"https:\/\/ggs-am-quadenweg.de\/c97_Xa3_\/wp-content\/uploads\/2020\/10\/IMG_3758-1024x768.jpg\" alt=\"\" data-id=\"812\" data-link=\"https:\/\/ggs-am-quadenweg.de\/c97_Xa3_\/wichtige-information\/img_3758\/\" class=\"wp-image-812\" srcset=\"https:\/\/ggs-am-quadenweg.de\/c97_Xa3_\/wp-content\/uploads\/2020\/10\/IMG_3758-1024x768.jpg 1024w, https:\/\/ggs-am-quadenweg.de\/c97_Xa3_\/wp-content\/uploads\/2020\/10\/IMG_3758-300x225.jpg 300w, https:\/\/ggs-am-quadenweg.de\/c97_Xa3_\/wp-content\/uploads\/2020\/10\/IMG_3758-768x576.jpg 768w, https:\/\/ggs-am-quadenweg.de\/c97_Xa3_\/wp-content\/uploads\/2020\/10\/IMG_3758-1536x1152.jpg 1536w, https:\/\/ggs-am-quadenweg.de\/c97_Xa3_\/wp-content\/uploads\/2020\/10\/IMG_3758.jpg 2016w\" sizes=\"auto, (max-width: 1024px) 100vw, 1024px\" \/><\/figure><\/li><li class=\"blocks-gallery-item\"><figure><img loading=\"lazy\" decoding=\"async\" width=\"1024\" height=\"768\" src=\"https:\/\/ggs-am-quadenweg.de\/c97_Xa3_\/wp-content\/uploads\/2020\/10\/IMG_3756-1024x768.jpg\" alt=\"\" data-id=\"813\" data-link=\"https:\/\/ggs-am-quadenweg.de\/c97_Xa3_\/wichtige-information\/img_3756\/\" class=\"wp-image-813\" srcset=\"https:\/\/ggs-am-quadenweg.de\/c97_Xa3_\/wp-content\/uploads\/2020\/10\/IMG_3756-1024x768.jpg 1024w, https:\/\/ggs-am-quadenweg.de\/c97_Xa3_\/wp-content\/uploads\/2020\/10\/IMG_3756-300x225.jpg 300w, https:\/\/ggs-am-quadenweg.de\/c97_Xa3_\/wp-content\/uploads\/2020\/10\/IMG_3756-768x576.jpg 768w, https:\/\/ggs-am-quadenweg.de\/c97_Xa3_\/wp-content\/uploads\/2020\/10\/IMG_3756-1536x1152.jpg 1536w, https:\/\/ggs-am-quadenweg.de\/c97_Xa3_\/wp-content\/uploads\/2020\/10\/IMG_3756.jpg 2016w\" sizes=\"auto, (max-width: 1024px) 100vw, 1024px\" \/><\/figure><\/li><li class=\"blocks-gallery-item\"><figure><img loading=\"lazy\" decoding=\"async\" width=\"1024\" height=\"768\" src=\"https:\/\/ggs-am-quadenweg.de\/c97_Xa3_\/wp-content\/uploads\/2020\/10\/IMG_3744-1024x768.jpg\" alt=\"\" data-id=\"814\" data-link=\"https:\/\/ggs-am-quadenweg.de\/c97_Xa3_\/wichtige-information\/img_3744\/\" class=\"wp-image-814\" srcset=\"https:\/\/ggs-am-quadenweg.de\/c97_Xa3_\/wp-content\/uploads\/2020\/10\/IMG_3744-1024x768.jpg 1024w, https:\/\/ggs-am-quadenweg.de\/c97_Xa3_\/wp-content\/uploads\/2020\/10\/IMG_3744-300x225.jpg 300w, https:\/\/ggs-am-quadenweg.de\/c97_Xa3_\/wp-content\/uploads\/2020\/10\/IMG_3744-768x576.jpg 768w, https:\/\/ggs-am-quadenweg.de\/c97_Xa3_\/wp-content\/uploads\/2020\/10\/IMG_3744-1536x1152.jpg 1536w, https:\/\/ggs-am-quadenweg.de\/c97_Xa3_\/wp-content\/uploads\/2020\/10\/IMG_3744.jpg 2016w\" sizes=\"auto, (max-width: 1024px) 100vw, 1024px\" \/><\/figure><\/li><li class=\"blocks-gallery-item\"><figure><img loading=\"lazy\" decoding=\"async\" width=\"1024\" height=\"768\" src=\"https:\/\/ggs-am-quadenweg.de\/c97_Xa3_\/wp-content\/uploads\/2020\/10\/IMG_3747-1024x768.jpg\" alt=\"\" data-id=\"815\" data-full-url=\"https:\/\/ggs-am-quadenweg.de\/c97_Xa3_\/wp-content\/uploads\/2020\/10\/IMG_3747.jpg\" data-link=\"https:\/\/ggs-am-quadenweg.de\/c97_Xa3_\/wichtige-information\/img_3747\/\" class=\"wp-image-815\" srcset=\"https:\/\/ggs-am-quadenweg.de\/c97_Xa3_\/wp-content\/uploads\/2020\/10\/IMG_3747-1024x768.jpg 1024w, https:\/\/ggs-am-quadenweg.de\/c97_Xa3_\/wp-content\/uploads\/2020\/10\/IMG_3747-300x225.jpg 300w, https:\/\/ggs-am-quadenweg.de\/c97_Xa3_\/wp-content\/uploads\/2020\/10\/IMG_3747-768x576.jpg 768w, https:\/\/ggs-am-quadenweg.de\/c97_Xa3_\/wp-content\/uploads\/2020\/10\/IMG_3747-1536x1152.jpg 1536w, https:\/\/ggs-am-quadenweg.de\/c97_Xa3_\/wp-content\/uploads\/2020\/10\/IMG_3747.jpg 2016w\" sizes=\"auto, (max-width: 1024px) 100vw, 1024px\" \/><\/figure><\/li><\/ul><\/figure>\n\n\n\n<p><\/p>\n","protected":false},"excerpt":{"rendered":"<p>Stand 01.10.&nbsp; 2020 &nbsp; Am Mittwoch, den 30.09.2020, war&nbsp;unser Sporttag: Fazit: Es war ein grandioser Tag, die Kinder waren begeistert!!! &nbsp; Dank unserer tollen Kooperationspartner Clever Fit PSV Wesel Badminton &#8230;<\/p>\n","protected":false},"author":2,"featured_media":0,"parent":0,"menu_order":0,"comment_status":"closed","ping_status":"closed","template":"","meta":{"footnotes":""},"class_list":["post-824","page","type-page","status-publish","hentry"],"_links":{"self":[{"href":"https:\/\/ggs-am-quadenweg.de\/c97_Xa3_\/wp-json\/wp\/v2\/pages\/824","targetHints":{"allow":["GET"]}}],"collection":[{"href":"https:\/\/ggs-am-quadenweg.de\/c97_Xa3_\/wp-json\/wp\/v2\/pages"}],"about":[{"href":"https:\/\/ggs-am-quadenweg.de\/c97_Xa3_\/wp-json\/wp\/v2\/types\/page"}],"author":[{"embeddable":true,"href":"https:\/\/ggs-am-quadenweg.de\/c97_Xa3_\/wp-json\/wp\/v2\/users\/2"}],"replies":[{"embeddable":true,"href":"https:\/\/ggs-am-quadenweg.de\/c97_Xa3_\/wp-json\/wp\/v2\/comments?post=824"}],"version-history":[{"count":1,"href":"https:\/\/ggs-am-quadenweg.de\/c97_Xa3_\/wp-json\/wp\/v2\/pages\/824\/revisions"}],"predecessor-version":[{"id":825,"href":"https:\/\/ggs-am-quadenweg.de\/c97_Xa3_\/wp-json\/wp\/v2\/pages\/824\/revisions\/825"}],"wp:attachment":[{"href":"https:\/\/ggs-am-quadenweg.de\/c97_Xa3_\/wp-json\/wp\/v2\/media?parent=824"}],"curies":[{"name":"wp","href":"https:\/\/api.w.org\/{rel}","templated":true}]}}