{"id":79,"date":"2019-09-23T14:49:36","date_gmt":"2019-09-23T12:49:36","guid":{"rendered":"http:\/\/ggs-am-quadenweg.de\/c97_Xa3_\/?page_id=79"},"modified":"2022-08-17T09:30:31","modified_gmt":"2022-08-17T07:30:31","slug":"lernzeiten","status":"publish","type":"page","link":"https:\/\/ggs-am-quadenweg.de\/c97_Xa3_\/schulkonzept\/lernzeiten\/","title":{"rendered":"Lernzeiten"},"content":{"rendered":"\n<p>Seit dem zweiten Halbjahr 2020 haben wir an unserer Schule Lernzeiten.  <\/p>\n\n\n\n<p class=\"has-text-align-left\">Unser Ziel ist es, die Kinder mit den Lernzeiten, die im Stundenplan integriert sind und die die traditionellen Hausaufgaben zu einem gro\u00dfen Teil ersetzen, die Kinder individueller zu f\u00f6rdern und eine bessere R\u00fcckmeldung zu bekommen, wo ein Kind etwas noch nicht verstanden hat oder es den behandelten Lernstoff bereits sicher beherrscht und mehr Herausforderungen ben\u00f6tigt. <\/p>\n\n\n\n<p class=\"has-text-align-left\">Die Lernzeiten werden von einem Lehrer und mindestens einer weiteren p\u00e4dagogischen Fachkraft betreut und finden f\u00fcr alle Sch\u00fcler an drei Stunden pro Woche innerhalb des Vormittags statt. Die Lernzeitenpl\u00e4ne werden montags von den Klassenlehrern unter Mitarbeit der Fachlehrer bzw. ggf. der Sonderp\u00e4dagogin ausgegeben und enthalten neben den Lernzeitaufgaben auch sogenannte \u201eLangzeitenaufgaben\u201c, z. B. lesen \u00fcben, Einmaleins \u00fcben, etwas auswendig lernen, usw.  Diese Langzeitaufgaben m\u00fcssen weiterhin Zuhause erledigt werden. Ebenso die w\u00f6chentliche Kontrolle der Tasche bzw. der M\u00e4ppchen auf Ordnung;-) Kinder, die in der OGS betreut werden, machen dort keine Hausaufgaben mehr, sondern haben mehr Zeit zum Spielen, Bewegung und z. B. Kreativit\u00e4t. <\/p>\n\n\n\n<p class=\"has-text-align-left\">Am Wochenende werden die Lernzeitenpl\u00e4ne, die meist auch eine kurze R\u00fcckmeldung enthalten, von den Eltern unterschrieben und am Montag wieder in die Schule mitgebracht. <\/p>\n","protected":false},"excerpt":{"rendered":"<p>Seit dem zweiten Halbjahr 2020 haben wir an unserer Schule Lernzeiten. Unser Ziel ist es, die Kinder mit den Lernzeiten, die im Stundenplan integriert sind und die die traditionellen Hausaufgaben &#8230;<\/p>\n","protected":false},"author":1,"featured_media":0,"parent":45,"menu_order":0,"comment_status":"closed","ping_status":"closed","template":"","meta":{"footnotes":""},"class_list":["post-79","page","type-page","status-publish","hentry"],"_links":{"self":[{"href":"https:\/\/ggs-am-quadenweg.de\/c97_Xa3_\/wp-json\/wp\/v2\/pages\/79","targetHints":{"allow":["GET"]}}],"collection":[{"href":"https:\/\/ggs-am-quadenweg.de\/c97_Xa3_\/wp-json\/wp\/v2\/pages"}],"about":[{"href":"https:\/\/ggs-am-quadenweg.de\/c97_Xa3_\/wp-json\/wp\/v2\/types\/page"}],"author":[{"embeddable":true,"href":"https:\/\/ggs-am-quadenweg.de\/c97_Xa3_\/wp-json\/wp\/v2\/users\/1"}],"replies":[{"embeddable":true,"href":"https:\/\/ggs-am-quadenweg.de\/c97_Xa3_\/wp-json\/wp\/v2\/comments?post=79"}],"version-history":[{"count":5,"href":"https:\/\/ggs-am-quadenweg.de\/c97_Xa3_\/wp-json\/wp\/v2\/pages\/79\/revisions"}],"predecessor-version":[{"id":1074,"href":"https:\/\/ggs-am-quadenweg.de\/c97_Xa3_\/wp-json\/wp\/v2\/pages\/79\/revisions\/1074"}],"up":[{"embeddable":true,"href":"https:\/\/ggs-am-quadenweg.de\/c97_Xa3_\/wp-json\/wp\/v2\/pages\/45"}],"wp:attachment":[{"href":"https:\/\/ggs-am-quadenweg.de\/c97_Xa3_\/wp-json\/wp\/v2\/media?parent=79"}],"curies":[{"name":"wp","href":"https:\/\/api.w.org\/{rel}","templated":true}]}}