{"id":77,"date":"2019-09-23T14:49:02","date_gmt":"2019-09-23T12:49:02","guid":{"rendered":"http:\/\/ggs-am-quadenweg.de\/c97_Xa3_\/?page_id=77"},"modified":"2022-05-16T11:29:11","modified_gmt":"2022-05-16T09:29:11","slug":"individuelle-foerderung","status":"publish","type":"page","link":"https:\/\/ggs-am-quadenweg.de\/c97_Xa3_\/schulkonzept\/individuelle-foerderung\/","title":{"rendered":"Individuelle F\u00f6rderung"},"content":{"rendered":"\n<p>Siehe auch:  <a href=\"https:\/\/ggs-am-quadenweg.de\/c97_Xa3_\/schulkonzept\/schuleingangsphase\/\">Schuleingangsphase<\/a><\/p>\n\n\n\n<p>Die individuelle F\u00f6rderung erfolgt jederzeit im t\u00e4glichen Unterricht durch unsere qualifizierten Lehrkr\u00e4fte und wird zus\u00e4tzlich unterst\u00fctzt durch die Arbeit von:<\/p>\n\n\n\n<ul class=\"wp-block-list\"><li>2 Sonderp\u00e4dagoginnen<\/li><li>1 Sozialp\u00e4dagogin<\/li><li>1 Sozialp\u00e4dagogischen Fachkraft in der Schuleingangsphase<\/li><\/ul>\n\n\n\n<p>Neben verschiedenen F\u00f6rderangeboten, liegt ein Schwerpunkt unserer Arbeit auch, neben der individuellen F\u00f6rderung im Unterricht, im Angebot und Ausbau von \u201eForderangeboten\u201c.<\/p>\n\n\n\n<p>Z. B. das \u201eForschen\u201c ist ein weiteres Angebot f\u00fcr\nleistungsstarke und besonders motivierte Sch\u00fclerinnen und Sch\u00fcler unserer Schule.<\/p>\n\n\n\n<p>Die Kinder haben in der \u201eForschen-AG\u201c die M\u00f6glichkeit w\u00e4hrend des Schulvormittags mit Unterst\u00fctzung eines Lehrers an ihrem eigenen, selbstgew\u00e4hlten Projekt zu arbeiten und so individuell und interessengeleitet gef\u00f6rdert zu werden. <br> Sie erhalten erste Einblicke in wissenschaftliches Arbeiten und werden zu selbstgesteuertem und selbstst\u00e4ndigem Arbeiten angeleitet.<\/p>\n\n\n\n<p>Z.B. im Rahmen unserer Monatsfeiern haben die Kinder die\nGelegenheit, ihre Arbeitsergebnisse zu pr\u00e4sentieren.<\/p>\n","protected":false},"excerpt":{"rendered":"<p>Siehe auch: Schuleingangsphase Die individuelle F\u00f6rderung erfolgt jederzeit im t\u00e4glichen Unterricht durch unsere qualifizierten Lehrkr\u00e4fte und wird zus\u00e4tzlich unterst\u00fctzt durch die Arbeit von: 2 Sonderp\u00e4dagoginnen 1 Sozialp\u00e4dagogin 1 Sozialp\u00e4dagogischen Fachkraft &#8230;<\/p>\n","protected":false},"author":1,"featured_media":0,"parent":45,"menu_order":0,"comment_status":"closed","ping_status":"closed","template":"","meta":{"footnotes":""},"class_list":["post-77","page","type-page","status-publish","hentry"],"_links":{"self":[{"href":"https:\/\/ggs-am-quadenweg.de\/c97_Xa3_\/wp-json\/wp\/v2\/pages\/77","targetHints":{"allow":["GET"]}}],"collection":[{"href":"https:\/\/ggs-am-quadenweg.de\/c97_Xa3_\/wp-json\/wp\/v2\/pages"}],"about":[{"href":"https:\/\/ggs-am-quadenweg.de\/c97_Xa3_\/wp-json\/wp\/v2\/types\/page"}],"author":[{"embeddable":true,"href":"https:\/\/ggs-am-quadenweg.de\/c97_Xa3_\/wp-json\/wp\/v2\/users\/1"}],"replies":[{"embeddable":true,"href":"https:\/\/ggs-am-quadenweg.de\/c97_Xa3_\/wp-json\/wp\/v2\/comments?post=77"}],"version-history":[{"count":2,"href":"https:\/\/ggs-am-quadenweg.de\/c97_Xa3_\/wp-json\/wp\/v2\/pages\/77\/revisions"}],"predecessor-version":[{"id":166,"href":"https:\/\/ggs-am-quadenweg.de\/c97_Xa3_\/wp-json\/wp\/v2\/pages\/77\/revisions\/166"}],"up":[{"embeddable":true,"href":"https:\/\/ggs-am-quadenweg.de\/c97_Xa3_\/wp-json\/wp\/v2\/pages\/45"}],"wp:attachment":[{"href":"https:\/\/ggs-am-quadenweg.de\/c97_Xa3_\/wp-json\/wp\/v2\/media?parent=77"}],"curies":[{"name":"wp","href":"https:\/\/api.w.org\/{rel}","templated":true}]}}