{"id":71,"date":"2019-09-23T14:47:10","date_gmt":"2019-09-23T12:47:10","guid":{"rendered":"http:\/\/ggs-am-quadenweg.de\/c97_Xa3_\/?page_id=71"},"modified":"2019-10-29T08:17:06","modified_gmt":"2019-10-29T07:17:06","slug":"kooperation-mit-eltern","status":"publish","type":"page","link":"https:\/\/ggs-am-quadenweg.de\/c97_Xa3_\/schulkonzept\/kooperation-mit-eltern\/","title":{"rendered":"Kooperation mit Eltern"},"content":{"rendered":"\n<p>Die Zusammenarbeit mit den Eltern als \u201eExperte f\u00fcr ihr Kind\u201c beginnt schon vor dem eigentlichen Schulanfang. Neben den regul\u00e4ren Infoabenden rund um Schulanmeldung und -anfang, beraten wir gemeinsam mit den Kinderg\u00e4rten zu den Themen vorschulische F\u00f6rderung. W\u00e4hrend des Schuljahres finden regelm\u00e4\u00dfige Elternsprechzeiten, Beratungsangebote und verschiedene Informationsveranstaltungen statt.<\/p>\n\n\n\n<p>Siehe auch: <a href=\"https:\/\/ggs-am-quadenweg.de\/c97_Xa3_\/fuer-eltern\/elternmitwirkung\/\">Elternmitwirkung<\/a><\/p>\n","protected":false},"excerpt":{"rendered":"<p>Die Zusammenarbeit mit den Eltern als \u201eExperte f\u00fcr ihr Kind\u201c beginnt schon vor dem eigentlichen Schulanfang. Neben den regul\u00e4ren Infoabenden rund um Schulanmeldung und -anfang, beraten wir gemeinsam mit den &#8230;<\/p>\n","protected":false},"author":1,"featured_media":0,"parent":45,"menu_order":0,"comment_status":"closed","ping_status":"closed","template":"","meta":{"footnotes":""},"class_list":["post-71","page","type-page","status-publish","hentry"],"_links":{"self":[{"href":"https:\/\/ggs-am-quadenweg.de\/c97_Xa3_\/wp-json\/wp\/v2\/pages\/71","targetHints":{"allow":["GET"]}}],"collection":[{"href":"https:\/\/ggs-am-quadenweg.de\/c97_Xa3_\/wp-json\/wp\/v2\/pages"}],"about":[{"href":"https:\/\/ggs-am-quadenweg.de\/c97_Xa3_\/wp-json\/wp\/v2\/types\/page"}],"author":[{"embeddable":true,"href":"https:\/\/ggs-am-quadenweg.de\/c97_Xa3_\/wp-json\/wp\/v2\/users\/1"}],"replies":[{"embeddable":true,"href":"https:\/\/ggs-am-quadenweg.de\/c97_Xa3_\/wp-json\/wp\/v2\/comments?post=71"}],"version-history":[{"count":3,"href":"https:\/\/ggs-am-quadenweg.de\/c97_Xa3_\/wp-json\/wp\/v2\/pages\/71\/revisions"}],"predecessor-version":[{"id":329,"href":"https:\/\/ggs-am-quadenweg.de\/c97_Xa3_\/wp-json\/wp\/v2\/pages\/71\/revisions\/329"}],"up":[{"embeddable":true,"href":"https:\/\/ggs-am-quadenweg.de\/c97_Xa3_\/wp-json\/wp\/v2\/pages\/45"}],"wp:attachment":[{"href":"https:\/\/ggs-am-quadenweg.de\/c97_Xa3_\/wp-json\/wp\/v2\/media?parent=71"}],"curies":[{"name":"wp","href":"https:\/\/api.w.org\/{rel}","templated":true}]}}