{"id":67,"date":"2019-09-23T14:44:48","date_gmt":"2019-09-23T12:44:48","guid":{"rendered":"http:\/\/ggs-am-quadenweg.de\/c97_Xa3_\/?page_id=67"},"modified":"2019-10-14T14:27:06","modified_gmt":"2019-10-14T12:27:06","slug":"schulgebaeude","status":"publish","type":"page","link":"https:\/\/ggs-am-quadenweg.de\/c97_Xa3_\/schulkonzept\/schulgebaeude\/","title":{"rendered":"Schulgeb\u00e4ude"},"content":{"rendered":"\n<p>Das Schulgeb\u00e4ude besteht aus gro\u00dfz\u00fcgigen Klassenr\u00e4umen\nund mehreren Fach- und Differenzierungsr\u00e4umen.<\/p>\n\n\n\n<p>Eine gut ausgestattete Turnhalle, ein gro\u00dfz\u00fcgiges Au\u00dfengel\u00e4nde mit M\u00f6glichkeiten zum Fu\u00dfballspielen, Kletterger\u00fcsten, einem Niedrigseilgarten und dem \u201eEnglischen Garten\u201c mit Hochbeeten und Insektenhotel laden zum Austoben, Spielen und Entspannen ein.<\/p>\n\n\n\n\n","protected":false},"excerpt":{"rendered":"<p>Das Schulgeb\u00e4ude besteht aus gro\u00dfz\u00fcgigen Klassenr\u00e4umen und mehreren Fach- und Differenzierungsr\u00e4umen. Eine gut ausgestattete Turnhalle, ein gro\u00dfz\u00fcgiges Au\u00dfengel\u00e4nde mit M\u00f6glichkeiten zum Fu\u00dfballspielen, Kletterger\u00fcsten, einem Niedrigseilgarten und dem \u201eEnglischen Garten\u201c mit &#8230;<\/p>\n","protected":false},"author":1,"featured_media":0,"parent":45,"menu_order":0,"comment_status":"closed","ping_status":"closed","template":"","meta":{"footnotes":""},"class_list":["post-67","page","type-page","status-publish","hentry"],"_links":{"self":[{"href":"https:\/\/ggs-am-quadenweg.de\/c97_Xa3_\/wp-json\/wp\/v2\/pages\/67","targetHints":{"allow":["GET"]}}],"collection":[{"href":"https:\/\/ggs-am-quadenweg.de\/c97_Xa3_\/wp-json\/wp\/v2\/pages"}],"about":[{"href":"https:\/\/ggs-am-quadenweg.de\/c97_Xa3_\/wp-json\/wp\/v2\/types\/page"}],"author":[{"embeddable":true,"href":"https:\/\/ggs-am-quadenweg.de\/c97_Xa3_\/wp-json\/wp\/v2\/users\/1"}],"replies":[{"embeddable":true,"href":"https:\/\/ggs-am-quadenweg.de\/c97_Xa3_\/wp-json\/wp\/v2\/comments?post=67"}],"version-history":[{"count":11,"href":"https:\/\/ggs-am-quadenweg.de\/c97_Xa3_\/wp-json\/wp\/v2\/pages\/67\/revisions"}],"predecessor-version":[{"id":1070,"href":"https:\/\/ggs-am-quadenweg.de\/c97_Xa3_\/wp-json\/wp\/v2\/pages\/67\/revisions\/1070"}],"up":[{"embeddable":true,"href":"https:\/\/ggs-am-quadenweg.de\/c97_Xa3_\/wp-json\/wp\/v2\/pages\/45"}],"wp:attachment":[{"href":"https:\/\/ggs-am-quadenweg.de\/c97_Xa3_\/wp-json\/wp\/v2\/media?parent=67"}],"curies":[{"name":"wp","href":"https:\/\/api.w.org\/{rel}","templated":true}]}}