{"id":650,"date":"2020-04-03T09:45:36","date_gmt":"2020-04-03T07:45:36","guid":{"rendered":"http:\/\/ggs-am-quadenweg.de\/c97_Xa3_\/?page_id=650"},"modified":"2020-04-03T09:45:37","modified_gmt":"2020-04-03T07:45:37","slug":"schuelerzeitung","status":"publish","type":"page","link":"https:\/\/ggs-am-quadenweg.de\/c97_Xa3_\/2020-2\/schuelerzeitung\/","title":{"rendered":"Sch\u00fclerzeitung"},"content":{"rendered":"\n<p class=\"has-text-align-center has-medium-font-size\">Unsere Sch\u00fclerzeitung &#8211; AG stellt sich vor:<\/p>\n\n\n\n<figure class=\"wp-block-image size-large\"><img loading=\"lazy\" decoding=\"async\" width=\"1024\" height=\"836\" src=\"https:\/\/ggs-am-quadenweg.de\/c97_Xa3_\/wp-content\/uploads\/2020\/03\/Sch\u00fclerzeitung-2-1024x836.jpg\" alt=\"\" class=\"wp-image-613\" srcset=\"https:\/\/ggs-am-quadenweg.de\/c97_Xa3_\/wp-content\/uploads\/2020\/03\/Sch\u00fclerzeitung-2-1024x836.jpg 1024w, https:\/\/ggs-am-quadenweg.de\/c97_Xa3_\/wp-content\/uploads\/2020\/03\/Sch\u00fclerzeitung-2-300x245.jpg 300w, https:\/\/ggs-am-quadenweg.de\/c97_Xa3_\/wp-content\/uploads\/2020\/03\/Sch\u00fclerzeitung-2-768x627.jpg 768w, https:\/\/ggs-am-quadenweg.de\/c97_Xa3_\/wp-content\/uploads\/2020\/03\/Sch\u00fclerzeitung-2-1536x1254.jpg 1536w, https:\/\/ggs-am-quadenweg.de\/c97_Xa3_\/wp-content\/uploads\/2020\/03\/Sch\u00fclerzeitung-2-2048x1672.jpg 2048w\" sizes=\"auto, (max-width: 1024px) 100vw, 1024px\" \/><figcaption><br><\/figcaption><\/figure>\n\n\n\n<p>Wir Kinder von der GGS  Am Quadenweg haben seit September 2019 eine neue AG, die Sch\u00fclerzeitung \u2013 AG. Es erschien schon eine Ausgabe von uns, diese fanden wir super, vor allem das Gewinnspiel. Wir finden es gut, dass wir Themen, die uns besch\u00e4ftigen und interessieren in die Zeitung rein schreiben k\u00f6nnen. Wir hoffen, dass wir andere Menschen mit der Zeitung beeindrucken k\u00f6nnen. Seid gespannt auf die n\u00e4chste Ausgabe. <\/p>\n\n\n\n<p>\u00a9Eure Redakteure von der Sch\u00fclerzeitung &#8211; AG<\/p>\n\n\n\n<p><\/p>\n\n\n\n<p><\/p>\n\n\n\n<p><\/p>\n","protected":false},"excerpt":{"rendered":"<p>Sch\u00fclerzeitung<\/p>\n","protected":false},"author":2,"featured_media":0,"parent":564,"menu_order":0,"comment_status":"closed","ping_status":"closed","template":"","meta":{"footnotes":""},"class_list":["post-650","page","type-page","status-publish","hentry"],"_links":{"self":[{"href":"https:\/\/ggs-am-quadenweg.de\/c97_Xa3_\/wp-json\/wp\/v2\/pages\/650","targetHints":{"allow":["GET"]}}],"collection":[{"href":"https:\/\/ggs-am-quadenweg.de\/c97_Xa3_\/wp-json\/wp\/v2\/pages"}],"about":[{"href":"https:\/\/ggs-am-quadenweg.de\/c97_Xa3_\/wp-json\/wp\/v2\/types\/page"}],"author":[{"embeddable":true,"href":"https:\/\/ggs-am-quadenweg.de\/c97_Xa3_\/wp-json\/wp\/v2\/users\/2"}],"replies":[{"embeddable":true,"href":"https:\/\/ggs-am-quadenweg.de\/c97_Xa3_\/wp-json\/wp\/v2\/comments?post=650"}],"version-history":[{"count":2,"href":"https:\/\/ggs-am-quadenweg.de\/c97_Xa3_\/wp-json\/wp\/v2\/pages\/650\/revisions"}],"predecessor-version":[{"id":652,"href":"https:\/\/ggs-am-quadenweg.de\/c97_Xa3_\/wp-json\/wp\/v2\/pages\/650\/revisions\/652"}],"up":[{"embeddable":true,"href":"https:\/\/ggs-am-quadenweg.de\/c97_Xa3_\/wp-json\/wp\/v2\/pages\/564"}],"wp:attachment":[{"href":"https:\/\/ggs-am-quadenweg.de\/c97_Xa3_\/wp-json\/wp\/v2\/media?parent=650"}],"curies":[{"name":"wp","href":"https:\/\/api.w.org\/{rel}","templated":true}]}}