{"id":595,"date":"2020-03-11T16:58:09","date_gmt":"2020-03-11T15:58:09","guid":{"rendered":"http:\/\/ggs-am-quadenweg.de\/c97_Xa3_\/?page_id=595"},"modified":"2020-03-11T17:06:24","modified_gmt":"2020-03-11T16:06:24","slug":"karneval","status":"publish","type":"page","link":"https:\/\/ggs-am-quadenweg.de\/c97_Xa3_\/karneval\/","title":{"rendered":"Karneval"},"content":{"rendered":"\n<p class=\"has-text-align-center has-medium-font-size\">Die GGS Am Quadenweg feiert Karneval<\/p>\n\n\n\n<figure class=\"wp-block-gallery columns-2 is-cropped wp-block-gallery-1 is-layout-flex wp-block-gallery-is-layout-flex\"><ul class=\"blocks-gallery-grid\"><li class=\"blocks-gallery-item\"><figure><img loading=\"lazy\" decoding=\"async\" width=\"1024\" height=\"768\" src=\"https:\/\/ggs-am-quadenweg.de\/c97_Xa3_\/wp-content\/uploads\/2020\/02\/IMG_6587-1024x768.jpg\" alt=\"\" data-id=\"550\" data-link=\"https:\/\/ggs-am-quadenweg.de\/c97_Xa3_\/aktuelles\/img_6587\/\" class=\"wp-image-550\" srcset=\"https:\/\/ggs-am-quadenweg.de\/c97_Xa3_\/wp-content\/uploads\/2020\/02\/IMG_6587-1024x768.jpg 1024w, https:\/\/ggs-am-quadenweg.de\/c97_Xa3_\/wp-content\/uploads\/2020\/02\/IMG_6587-300x225.jpg 300w, https:\/\/ggs-am-quadenweg.de\/c97_Xa3_\/wp-content\/uploads\/2020\/02\/IMG_6587-768x576.jpg 768w, https:\/\/ggs-am-quadenweg.de\/c97_Xa3_\/wp-content\/uploads\/2020\/02\/IMG_6587-1536x1152.jpg 1536w, https:\/\/ggs-am-quadenweg.de\/c97_Xa3_\/wp-content\/uploads\/2020\/02\/IMG_6587-2048x1536.jpg 2048w\" sizes=\"auto, (max-width: 1024px) 100vw, 1024px\" \/><\/figure><\/li><li class=\"blocks-gallery-item\"><figure><img loading=\"lazy\" decoding=\"async\" width=\"1024\" height=\"768\" src=\"https:\/\/ggs-am-quadenweg.de\/c97_Xa3_\/wp-content\/uploads\/2020\/02\/IMG_6595-1024x768.jpg\" alt=\"\" data-id=\"552\" data-full-url=\"https:\/\/ggs-am-quadenweg.de\/c97_Xa3_\/wp-content\/uploads\/2020\/02\/IMG_6595-scaled.jpg\" data-link=\"https:\/\/ggs-am-quadenweg.de\/c97_Xa3_\/aktuelles\/img_6595\/\" class=\"wp-image-552\" srcset=\"https:\/\/ggs-am-quadenweg.de\/c97_Xa3_\/wp-content\/uploads\/2020\/02\/IMG_6595-1024x768.jpg 1024w, https:\/\/ggs-am-quadenweg.de\/c97_Xa3_\/wp-content\/uploads\/2020\/02\/IMG_6595-300x225.jpg 300w, https:\/\/ggs-am-quadenweg.de\/c97_Xa3_\/wp-content\/uploads\/2020\/02\/IMG_6595-768x576.jpg 768w, https:\/\/ggs-am-quadenweg.de\/c97_Xa3_\/wp-content\/uploads\/2020\/02\/IMG_6595-1536x1152.jpg 1536w, https:\/\/ggs-am-quadenweg.de\/c97_Xa3_\/wp-content\/uploads\/2020\/02\/IMG_6595-2048x1536.jpg 2048w\" sizes=\"auto, (max-width: 1024px) 100vw, 1024px\" \/><\/figure><\/li><\/ul><\/figure>\n\n\n\n<p>Am Freitag, den 21.02.2020, haben wir unsere allj\u00e4hrliche\nKarnevalsfeier abgehalten.<\/p>\n\n\n\n<p>Die 4a begann den Zug der Polon\u00e4se durchs ganze Schulgeb\u00e4ude. Nachdem auch die letzte Klasse abgeholt wurde, ging es als lange Schlange \u00fcber den Schulhof, in die sch\u00f6n geschm\u00fcckte Turnhalle. Dort waren zwei B\u00fchne aufgebaut, auf denen zun\u00e4chst die beiden besten Kost\u00fcme einer jeden Klasse vorgef\u00fchrt und mit Applaus pr\u00e4miert wurden. Anschlie\u00dfend gaben alle Erwachsenen, unter Anfeuerung der Kinder, den Ententanz zum Besten.<\/p>\n\n\n\n<p>Weiter wurde danach zusammen viel getanzt, bis zum Schluss viele Kinder \u201edie Robbe\u201c machten. Eine rundum gelungene, stimmungsvolle Karnevalsfeier unserer Schule.<\/p>\n\n\n\n<div class=\"wp-block-group\"><div class=\"wp-block-group__inner-container is-layout-flow wp-block-group-is-layout-flow\">\n<figure class=\"wp-block-gallery columns-2 is-cropped wp-block-gallery-2 is-layout-flex wp-block-gallery-is-layout-flex\"><ul class=\"blocks-gallery-grid\"><li class=\"blocks-gallery-item\"><figure><img loading=\"lazy\" decoding=\"async\" width=\"1024\" height=\"768\" src=\"https:\/\/ggs-am-quadenweg.de\/c97_Xa3_\/wp-content\/uploads\/2020\/02\/IMG_6605-1024x768.jpg\" alt=\"\" data-id=\"554\" data-link=\"https:\/\/ggs-am-quadenweg.de\/c97_Xa3_\/aktuelles\/img_6605\/\" class=\"wp-image-554\" srcset=\"https:\/\/ggs-am-quadenweg.de\/c97_Xa3_\/wp-content\/uploads\/2020\/02\/IMG_6605-1024x768.jpg 1024w, https:\/\/ggs-am-quadenweg.de\/c97_Xa3_\/wp-content\/uploads\/2020\/02\/IMG_6605-300x225.jpg 300w, https:\/\/ggs-am-quadenweg.de\/c97_Xa3_\/wp-content\/uploads\/2020\/02\/IMG_6605-768x576.jpg 768w, https:\/\/ggs-am-quadenweg.de\/c97_Xa3_\/wp-content\/uploads\/2020\/02\/IMG_6605-1536x1152.jpg 1536w, https:\/\/ggs-am-quadenweg.de\/c97_Xa3_\/wp-content\/uploads\/2020\/02\/IMG_6605-2048x1536.jpg 2048w\" sizes=\"auto, (max-width: 1024px) 100vw, 1024px\" \/><\/figure><\/li><li class=\"blocks-gallery-item\"><figure><img loading=\"lazy\" decoding=\"async\" width=\"1024\" height=\"768\" src=\"https:\/\/ggs-am-quadenweg.de\/c97_Xa3_\/wp-content\/uploads\/2020\/02\/IMG_6612-1024x768.jpg\" alt=\"\" data-id=\"555\" data-full-url=\"https:\/\/ggs-am-quadenweg.de\/c97_Xa3_\/wp-content\/uploads\/2020\/02\/IMG_6612-scaled.jpg\" data-link=\"https:\/\/ggs-am-quadenweg.de\/c97_Xa3_\/aktuelles\/img_6612\/\" class=\"wp-image-555\" srcset=\"https:\/\/ggs-am-quadenweg.de\/c97_Xa3_\/wp-content\/uploads\/2020\/02\/IMG_6612-1024x768.jpg 1024w, https:\/\/ggs-am-quadenweg.de\/c97_Xa3_\/wp-content\/uploads\/2020\/02\/IMG_6612-300x225.jpg 300w, https:\/\/ggs-am-quadenweg.de\/c97_Xa3_\/wp-content\/uploads\/2020\/02\/IMG_6612-768x576.jpg 768w, https:\/\/ggs-am-quadenweg.de\/c97_Xa3_\/wp-content\/uploads\/2020\/02\/IMG_6612-1536x1152.jpg 1536w, https:\/\/ggs-am-quadenweg.de\/c97_Xa3_\/wp-content\/uploads\/2020\/02\/IMG_6612-2048x1536.jpg 2048w\" sizes=\"auto, (max-width: 1024px) 100vw, 1024px\" \/><\/figure><\/li><\/ul><\/figure>\n<\/div><\/div>\n\n\n\n<p>\u00a9Mike Lesch<\/p>\n","protected":false},"excerpt":{"rendered":"<p>Die GGS Am Quadenweg feiert Karneval Am Freitag, den 21.02.2020, haben wir unsere allj\u00e4hrliche Karnevalsfeier abgehalten. Die 4a begann den Zug der Polon\u00e4se durchs ganze Schulgeb\u00e4ude. Nachdem auch die letzte &#8230;<\/p>\n","protected":false},"author":2,"featured_media":0,"parent":0,"menu_order":0,"comment_status":"closed","ping_status":"closed","template":"","meta":{"footnotes":""},"class_list":["post-595","page","type-page","status-publish","hentry"],"_links":{"self":[{"href":"https:\/\/ggs-am-quadenweg.de\/c97_Xa3_\/wp-json\/wp\/v2\/pages\/595","targetHints":{"allow":["GET"]}}],"collection":[{"href":"https:\/\/ggs-am-quadenweg.de\/c97_Xa3_\/wp-json\/wp\/v2\/pages"}],"about":[{"href":"https:\/\/ggs-am-quadenweg.de\/c97_Xa3_\/wp-json\/wp\/v2\/types\/page"}],"author":[{"embeddable":true,"href":"https:\/\/ggs-am-quadenweg.de\/c97_Xa3_\/wp-json\/wp\/v2\/users\/2"}],"replies":[{"embeddable":true,"href":"https:\/\/ggs-am-quadenweg.de\/c97_Xa3_\/wp-json\/wp\/v2\/comments?post=595"}],"version-history":[{"count":2,"href":"https:\/\/ggs-am-quadenweg.de\/c97_Xa3_\/wp-json\/wp\/v2\/pages\/595\/revisions"}],"predecessor-version":[{"id":601,"href":"https:\/\/ggs-am-quadenweg.de\/c97_Xa3_\/wp-json\/wp\/v2\/pages\/595\/revisions\/601"}],"wp:attachment":[{"href":"https:\/\/ggs-am-quadenweg.de\/c97_Xa3_\/wp-json\/wp\/v2\/media?parent=595"}],"curies":[{"name":"wp","href":"https:\/\/api.w.org\/{rel}","templated":true}]}}