{"id":546,"date":"2020-02-22T17:17:30","date_gmt":"2020-02-22T16:17:30","guid":{"rendered":"http:\/\/ggs-am-quadenweg.de\/c97_Xa3_\/?page_id=546"},"modified":"2020-02-22T17:17:31","modified_gmt":"2020-02-22T16:17:31","slug":"hochbeet","status":"publish","type":"page","link":"https:\/\/ggs-am-quadenweg.de\/c97_Xa3_\/archiv\/hochbeet\/","title":{"rendered":"Hochbeet"},"content":{"rendered":"\n<p><strong>GGS Am Quadenweg besitzt nun zwei eigene Hochbeete und ein Insektenhotel<\/strong><\/p>\n\n\n\n<p>Im\nJuil 2019 wurden die Klassen 3a und 3b (jetzt 4a und 4b) zu kleinen Handwerkern\nund G\u00e4rtnern. \u201eWir wollen was Gutes f\u00fcr die Umwelt tun\u201c, war die Aussage vieler\nSch\u00fcler. Diese Aussage entstand, nachdem wir im April 2019 eine\nUnterrichtsreihe rund um den Fr\u00fchling thematisierten. Dort erforschten die\nKinder unter anderem die verschiedenen Bienen- und Schmetterlingsarten und\nlernten vieles \u00fcber deren Lebensweisen. Schnell wurde den Kindern bewusst, dass\nauch sie was f\u00fcr die Insekten tun wollen. So entstand die Idee ein eigenes\nBienenhotel zu bauen. Und was brauchen Bienen unbedingt? Blumen! Also sollte\nauch ein Blumenbeet entstehen. Die W\u00fcnsche wurden gr\u00f6\u00dfer und so wurde auch \u00fcber\nein Gem\u00fcsebeet gesprochen, aus dem die Kinder gesundes Gem\u00fcse ernten wollten.<\/p>\n\n\n\n<p>Gesagt\n\u2013 getan! Nach intensiver und fachspezifischer Planung wurden Material sowie\nfachkundige Helfer organisiert. Kurz vor den Sommerferien bauten die Klassen\nvon Herrn Lesch und Frau Abel in Zusammenarbeit mit Herrn Sch\u00fcrmann vom\nNaturgarten e.v., zwei engagierten V\u00e4tern zwei Hochbeete und ein riesiges\nInsektenhotel. Ein Hochbeet dient dem Gem\u00fcseanbau und das Zweite dem Anbau von\nSommerblumen. Die Sch\u00fclerinnen und Sch\u00fcler hatten gro\u00dfen Spa\u00df beim H\u00e4mmern,\nS\u00e4gen, Schneiden und Bepflanzen. Einige k\u00f6nnen es bis heute kaum glauben, was\nsie selbst erbaut haben.<\/p>\n\n\n\n<p>Bereits\nin den Sommerferien ernteten einige Kinder, die zur Ferienbetreuung im Ganztag\nwaren, frischen Salat. Mittlerweile reifen zahlreiche Tomaten, Zucchini und\nPaprika heran. Auch die ersten Bienen wurden am Insektenhotel gesichtet.<\/p>\n\n\n\n<p>Wir danken der Niederrheinischen Sparkasse (Herrn Hofacker), dem Naturgarten e.V., sowie unseren flei\u00dfigen Helfern, dass dieses Projekt umgesetzt werden konnte.<\/p>\n\n\n\n<figure class=\"wp-block-gallery columns-2 is-cropped wp-block-gallery-1 is-layout-flex wp-block-gallery-is-layout-flex\"><ul class=\"blocks-gallery-grid\"><li class=\"blocks-gallery-item\"><figure><img loading=\"lazy\" decoding=\"async\" width=\"768\" height=\"1024\" src=\"http:\/\/ggs-am-quadenweg.de\/c97_Xa3_\/wp-content\/uploads\/2019\/11\/IMG-20190705-WA0007-768x1024.jpg\" alt=\"\" data-id=\"363\" data-link=\"http:\/\/ggs-am-quadenweg.de\/c97_Xa3_\/aktuelles\/img-20190705-wa0007\/\" class=\"wp-image-363\" srcset=\"https:\/\/ggs-am-quadenweg.de\/c97_Xa3_\/wp-content\/uploads\/2019\/11\/IMG-20190705-WA0007-768x1024.jpg 768w, https:\/\/ggs-am-quadenweg.de\/c97_Xa3_\/wp-content\/uploads\/2019\/11\/IMG-20190705-WA0007-225x300.jpg 225w, https:\/\/ggs-am-quadenweg.de\/c97_Xa3_\/wp-content\/uploads\/2019\/11\/IMG-20190705-WA0007.jpg 1200w\" sizes=\"auto, (max-width: 768px) 100vw, 768px\" \/><\/figure><\/li><li class=\"blocks-gallery-item\"><figure><img loading=\"lazy\" decoding=\"async\" width=\"768\" height=\"1024\" src=\"http:\/\/ggs-am-quadenweg.de\/c97_Xa3_\/wp-content\/uploads\/2019\/11\/IMG-20190705-WA0000-768x1024.jpg\" alt=\"\" data-id=\"361\" data-link=\"http:\/\/ggs-am-quadenweg.de\/c97_Xa3_\/aktuelles\/img-20190705-wa0000\/\" class=\"wp-image-361\" srcset=\"https:\/\/ggs-am-quadenweg.de\/c97_Xa3_\/wp-content\/uploads\/2019\/11\/IMG-20190705-WA0000-768x1024.jpg 768w, https:\/\/ggs-am-quadenweg.de\/c97_Xa3_\/wp-content\/uploads\/2019\/11\/IMG-20190705-WA0000-225x300.jpg 225w, https:\/\/ggs-am-quadenweg.de\/c97_Xa3_\/wp-content\/uploads\/2019\/11\/IMG-20190705-WA0000.jpg 1200w\" sizes=\"auto, (max-width: 768px) 100vw, 768px\" \/><\/figure><\/li><\/ul><\/figure>\n\n\n\n<p><\/p>\n\n\n\n<p>\u00a9Anke\nAbel<\/p>\n","protected":false},"excerpt":{"rendered":"<p>GGS Am Quadenweg besitzt nun zwei eigene Hochbeete und ein Insektenhotel Im Juil 2019 wurden die Klassen 3a und 3b (jetzt 4a und 4b) zu kleinen Handwerkern und G\u00e4rtnern. \u201eWir &#8230;<\/p>\n","protected":false},"author":2,"featured_media":0,"parent":542,"menu_order":0,"comment_status":"closed","ping_status":"closed","template":"","meta":{"footnotes":""},"class_list":["post-546","page","type-page","status-publish","hentry"],"_links":{"self":[{"href":"https:\/\/ggs-am-quadenweg.de\/c97_Xa3_\/wp-json\/wp\/v2\/pages\/546","targetHints":{"allow":["GET"]}}],"collection":[{"href":"https:\/\/ggs-am-quadenweg.de\/c97_Xa3_\/wp-json\/wp\/v2\/pages"}],"about":[{"href":"https:\/\/ggs-am-quadenweg.de\/c97_Xa3_\/wp-json\/wp\/v2\/types\/page"}],"author":[{"embeddable":true,"href":"https:\/\/ggs-am-quadenweg.de\/c97_Xa3_\/wp-json\/wp\/v2\/users\/2"}],"replies":[{"embeddable":true,"href":"https:\/\/ggs-am-quadenweg.de\/c97_Xa3_\/wp-json\/wp\/v2\/comments?post=546"}],"version-history":[{"count":1,"href":"https:\/\/ggs-am-quadenweg.de\/c97_Xa3_\/wp-json\/wp\/v2\/pages\/546\/revisions"}],"predecessor-version":[{"id":547,"href":"https:\/\/ggs-am-quadenweg.de\/c97_Xa3_\/wp-json\/wp\/v2\/pages\/546\/revisions\/547"}],"up":[{"embeddable":true,"href":"https:\/\/ggs-am-quadenweg.de\/c97_Xa3_\/wp-json\/wp\/v2\/pages\/542"}],"wp:attachment":[{"href":"https:\/\/ggs-am-quadenweg.de\/c97_Xa3_\/wp-json\/wp\/v2\/media?parent=546"}],"curies":[{"name":"wp","href":"https:\/\/api.w.org\/{rel}","templated":true}]}}