{"id":51,"date":"2019-09-23T14:27:08","date_gmt":"2019-09-23T12:27:08","guid":{"rendered":"http:\/\/ggs-am-quadenweg.de\/c97_Xa3_\/?page_id=51"},"modified":"2024-10-08T09:00:52","modified_gmt":"2024-10-08T07:00:52","slug":"aktuelles","status":"publish","type":"page","link":"https:\/\/ggs-am-quadenweg.de\/c97_Xa3_\/aktuelles\/","title":{"rendered":"Aktuelles"},"content":{"rendered":"\n<p class=\"has-large-font-size\"><strong>Autorenlesung und B\u00fccherspende<\/strong><\/p>\n\n\n\n<figure class=\"wp-block-image size-full\"><img loading=\"lazy\" decoding=\"async\" width=\"1024\" height=\"473\" src=\"https:\/\/ggs-am-quadenweg.de\/c97_Xa3_\/wp-content\/uploads\/2024\/05\/image.png\" alt=\"\" class=\"wp-image-1210\" srcset=\"https:\/\/ggs-am-quadenweg.de\/c97_Xa3_\/wp-content\/uploads\/2024\/05\/image.png 1024w, https:\/\/ggs-am-quadenweg.de\/c97_Xa3_\/wp-content\/uploads\/2024\/05\/image-300x139.png 300w, https:\/\/ggs-am-quadenweg.de\/c97_Xa3_\/wp-content\/uploads\/2024\/05\/image-768x355.png 768w\" sizes=\"auto, (max-width: 1024px) 100vw, 1024px\" \/><\/figure>\n\n\n\n<p><a href=\"https:\/\/sdui.app\/news\/1772380\"><strong>Autorenlesung f\u00fcr die dritten Klassen und B\u00fccherspende<\/strong><\/a><\/p>\n\n\n\n<p>Der Rotary- Club Wesel- Dinslaken hat unsere Schule im Rahmen ihrer Projekte zum Welttag des Buches gro\u00dfz\u00fcgig bedacht. Dar\u00fcber freuen wir uns sehr!<br>Zum einen wurden Klassens\u00e4tze an aktuellen Kinderb\u00fcchern f\u00fcr die zweiten, dritten und vierten Klassen gespendet und au\u00dferdem sind wir f\u00fcr eine Autorenlesung ausgew\u00e4hlt worden.<br>Die Kinderbuchautoren Manfred Mai und Hans-J\u00fcrgen van der Gieth besuchen unsere Schule und lesen am 26. April morgens f\u00fcr die Kinder unserer dritten Schuljahre aus ihrem im April erscheinenden Buch &#8222;Koala Crew &#8211; Geheimnisvolle Spuren&#8220; vor. Au\u00dferdem erhalten die Kinder ein Exemplar des Buches geschenkt.<br>Wir freuen uns sehr auf die Lesung und werden sicherlich davon berichten.<\/p>\n\n\n\n<p class=\"has-large-font-size\"><\/p>\n\n\n\n<figure class=\"wp-block-gallery has-nested-images columns-default is-cropped wp-block-gallery-1 is-layout-flex wp-block-gallery-is-layout-flex\"><\/figure>\n\n\n\n<p class=\"has-large-font-size\"><\/p>\n\n\n\n<p class=\"has-large-font-size\"><\/p>\n\n\n\n<p class=\"has-large-font-size\"><\/p>\n\n\n\n<p class=\"has-large-font-size\"><\/p>\n\n\n\n<p><\/p>\n","protected":false},"excerpt":{"rendered":"<p>Autorenlesung und B\u00fccherspende Autorenlesung f\u00fcr die dritten Klassen und B\u00fccherspende Der Rotary- Club Wesel- Dinslaken hat unsere Schule im Rahmen ihrer Projekte zum Welttag des Buches gro\u00dfz\u00fcgig bedacht. Dar\u00fcber freuen &#8230;<\/p>\n","protected":false},"author":1,"featured_media":0,"parent":0,"menu_order":0,"comment_status":"closed","ping_status":"closed","template":"","meta":{"footnotes":""},"class_list":["post-51","page","type-page","status-publish","hentry"],"_links":{"self":[{"href":"https:\/\/ggs-am-quadenweg.de\/c97_Xa3_\/wp-json\/wp\/v2\/pages\/51","targetHints":{"allow":["GET"]}}],"collection":[{"href":"https:\/\/ggs-am-quadenweg.de\/c97_Xa3_\/wp-json\/wp\/v2\/pages"}],"about":[{"href":"https:\/\/ggs-am-quadenweg.de\/c97_Xa3_\/wp-json\/wp\/v2\/types\/page"}],"author":[{"embeddable":true,"href":"https:\/\/ggs-am-quadenweg.de\/c97_Xa3_\/wp-json\/wp\/v2\/users\/1"}],"replies":[{"embeddable":true,"href":"https:\/\/ggs-am-quadenweg.de\/c97_Xa3_\/wp-json\/wp\/v2\/comments?post=51"}],"version-history":[{"count":49,"href":"https:\/\/ggs-am-quadenweg.de\/c97_Xa3_\/wp-json\/wp\/v2\/pages\/51\/revisions"}],"predecessor-version":[{"id":1246,"href":"https:\/\/ggs-am-quadenweg.de\/c97_Xa3_\/wp-json\/wp\/v2\/pages\/51\/revisions\/1246"}],"wp:attachment":[{"href":"https:\/\/ggs-am-quadenweg.de\/c97_Xa3_\/wp-json\/wp\/v2\/media?parent=51"}],"curies":[{"name":"wp","href":"https:\/\/api.w.org\/{rel}","templated":true}]}}