{"id":476,"date":"2020-02-18T13:02:05","date_gmt":"2020-02-18T12:02:05","guid":{"rendered":"http:\/\/ggs-am-quadenweg.de\/c97_Xa3_\/?page_id=476"},"modified":"2020-02-20T13:15:42","modified_gmt":"2020-02-20T12:15:42","slug":"herkunftssprachlicher-unterricht","status":"publish","type":"page","link":"https:\/\/ggs-am-quadenweg.de\/c97_Xa3_\/fuer-eltern\/herkunftssprachlicher-unterricht\/","title":{"rendered":"Herkunftssprachlicher     Unterricht"},"content":{"rendered":"\n<p class=\"has-medium-font-size\">Ein kleiner Einblick in den herkunftssprachlichen Unterricht in der Sprache &#8222;T\u00fcrkisch&#8220;<\/p>\n\n\n\n<div class=\"wp-block-image\"><figure class=\"aligncenter size-large is-resized\"><img loading=\"lazy\" decoding=\"async\" src=\"https:\/\/ggs-am-quadenweg.de\/c97_Xa3_\/wp-content\/uploads\/2020\/02\/image.png\" alt=\"\" class=\"wp-image-477\" width=\"199\" height=\"230\"\/><\/figure><\/div>\n\n\n\n<p>Vor dem Unterricht ist unser Ritual das Wetter, den Wochentag, den Monat und die Jahreszeit auf T\u00fcrkisch zu wiederholen.<\/p>\n\n\n\n<div class=\"wp-block-image\"><figure class=\"aligncenter size-large\"><img loading=\"lazy\" decoding=\"async\" width=\"279\" height=\"215\" src=\"https:\/\/ggs-am-quadenweg.de\/c97_Xa3_\/wp-content\/uploads\/2020\/02\/image-1.png\" alt=\"\" class=\"wp-image-478\"\/><\/figure><\/div>\n\n\n\n<p>Das t\u00fcrkische Alphabet  und die Aussprache wird im Zusammenhang mit dem deutschen Alphabet verglichen. Ziel des Ganzen ist es, die Unterschiede beider Sprachen \u00fcberschaubarer zu machen.<\/p>\n\n\n\n<div class=\"wp-block-image\"><figure class=\"aligncenter size-large\"><img loading=\"lazy\" decoding=\"async\" width=\"202\" height=\"221\" src=\"http:\/\/ggs-am-quadenweg.de\/c97_Xa3_\/wp-content\/uploads\/2020\/02\/image-2.png\" alt=\"\" class=\"wp-image-479\"\/><\/figure><\/div>\n\n\n\n<p>Zweisprachige Lernspiele und Lernkarten f\u00f6rdern spielerisch die t\u00fcrkische Sprache leichter anzuwenden. <\/p>\n\n\n\n<div class=\"wp-block-image\"><figure class=\"aligncenter size-large\"><img loading=\"lazy\" decoding=\"async\" width=\"246\" height=\"230\" src=\"http:\/\/ggs-am-quadenweg.de\/c97_Xa3_\/wp-content\/uploads\/2020\/02\/image-31.png\" alt=\"\" class=\"wp-image-510\"\/><\/figure><\/div>\n\n\n\n<p>Spielerische Wortschatzerweiterung in Form eines Brettspiels zum Thema Herbst und Winter. Bei diesem W\u00fcrfelspiel sind die Felder unbeschriftete Bilder, die w\u00e4hrend des Spiels richtig auf t\u00fcrkisch benannt werden sollten<\/p>\n\n\n\n<div class=\"wp-block-group\"><div class=\"wp-block-group__inner-container is-layout-flow wp-block-group-is-layout-flow\">\n<div class=\"wp-block-group\"><div class=\"wp-block-group__inner-container is-layout-flow wp-block-group-is-layout-flow\">\n<div class=\"wp-block-image\"><figure class=\"aligncenter is-resized\"><img loading=\"lazy\" decoding=\"async\" src=\"http:\/\/ggs-am-quadenweg.de\/c97_Xa3_\/wp-content\/uploads\/2020\/02\/image-6.png\" alt=\"\" class=\"wp-image-483\" width=\"92\" height=\"182\"\/><\/figure><\/div>\n<\/div><\/div>\n\n\n\n<p>Die B\u00fccher sind sowohl Lese- wie auch \u00dcbungsb\u00fccher. Die Lesetexte werden nach dem Niveau der Kinder ausgew\u00e4hlt. Mit den R\u00e4tseln haben Kinder die M\u00f6glichkeit, mit Spa\u00df zu lernen. M\u00fcndlicher und Schriftlicher Sprachgebrauch, Rechtschreibung, Sprachreflexion und Sprachhandlungen werden durch zwei Sprachige B\u00fcchern gef\u00f6rdert.<\/p>\n<\/div><\/div>\n\n\n\n<p><\/p>\n","protected":false},"excerpt":{"rendered":"<p>Ein kleiner Einblick in den herkunftssprachlichen Unterricht in der Sprache &#8222;T\u00fcrkisch&#8220; Vor dem Unterricht ist unser Ritual das Wetter, den Wochentag, den Monat und die Jahreszeit auf T\u00fcrkisch zu wiederholen. &#8230;<\/p>\n","protected":false},"author":2,"featured_media":0,"parent":47,"menu_order":0,"comment_status":"closed","ping_status":"closed","template":"","meta":{"footnotes":""},"class_list":["post-476","page","type-page","status-publish","hentry"],"_links":{"self":[{"href":"https:\/\/ggs-am-quadenweg.de\/c97_Xa3_\/wp-json\/wp\/v2\/pages\/476","targetHints":{"allow":["GET"]}}],"collection":[{"href":"https:\/\/ggs-am-quadenweg.de\/c97_Xa3_\/wp-json\/wp\/v2\/pages"}],"about":[{"href":"https:\/\/ggs-am-quadenweg.de\/c97_Xa3_\/wp-json\/wp\/v2\/types\/page"}],"author":[{"embeddable":true,"href":"https:\/\/ggs-am-quadenweg.de\/c97_Xa3_\/wp-json\/wp\/v2\/users\/2"}],"replies":[{"embeddable":true,"href":"https:\/\/ggs-am-quadenweg.de\/c97_Xa3_\/wp-json\/wp\/v2\/comments?post=476"}],"version-history":[{"count":27,"href":"https:\/\/ggs-am-quadenweg.de\/c97_Xa3_\/wp-json\/wp\/v2\/pages\/476\/revisions"}],"predecessor-version":[{"id":531,"href":"https:\/\/ggs-am-quadenweg.de\/c97_Xa3_\/wp-json\/wp\/v2\/pages\/476\/revisions\/531"}],"up":[{"embeddable":true,"href":"https:\/\/ggs-am-quadenweg.de\/c97_Xa3_\/wp-json\/wp\/v2\/pages\/47"}],"wp:attachment":[{"href":"https:\/\/ggs-am-quadenweg.de\/c97_Xa3_\/wp-json\/wp\/v2\/media?parent=476"}],"curies":[{"name":"wp","href":"https:\/\/api.w.org\/{rel}","templated":true}]}}