{"id":45,"date":"2019-09-23T14:24:42","date_gmt":"2019-09-23T12:24:42","guid":{"rendered":"http:\/\/ggs-am-quadenweg.de\/c97_Xa3_\/?page_id=45"},"modified":"2019-10-26T16:13:20","modified_gmt":"2019-10-26T14:13:20","slug":"schulkonzept","status":"publish","type":"page","link":"https:\/\/ggs-am-quadenweg.de\/c97_Xa3_\/schulkonzept\/","title":{"rendered":"Schulkonzept"},"content":{"rendered":"\n<ul class=\"wp-block-list\"><li><a href=\"https:\/\/ggs-am-quadenweg.de\/c97_Xa3_\/schulkonzept\/unser-leitbild\/\">Unser Leitbild<\/a><\/li><li><a href=\"https:\/\/ggs-am-quadenweg.de\/c97_Xa3_\/schulkonzept\/schulgebaeude\/\">Schulgeb\u00e4ude<\/a><\/li><li><a href=\"https:\/\/ggs-am-quadenweg.de\/c97_Xa3_\/schulkonzept\/kooperation-im-kollegium\/\">Kooperation im Kollegium<\/a><\/li><li><a href=\"https:\/\/ggs-am-quadenweg.de\/c97_Xa3_\/schulkonzept\/kooperation-mit-eltern\/\">Kooperation mit Eltern<\/a><\/li><li><a href=\"https:\/\/ggs-am-quadenweg.de\/c97_Xa3_\/schulkonzept\/kooperation-mit-ausserschulischen-partnern\/\">Kooperation mit au\u00dferschulischen Partnern<\/a><\/li><li><a href=\"https:\/\/ggs-am-quadenweg.de\/c97_Xa3_\/schulkonzept\/schuleingangsphase\/\">Schuleingangsphase<\/a><\/li><li><a href=\"https:\/\/ggs-am-quadenweg.de\/c97_Xa3_\/schulkonzept\/individuelle-foerderung\/\">Individuelle F\u00f6rderung<\/a><\/li><li><a href=\"https:\/\/ggs-am-quadenweg.de\/c97_Xa3_\/schulkonzept\/lernzeiten\/\">Lernzeiten<\/a><\/li><\/ul>\n","protected":false},"excerpt":{"rendered":"<p>Unser Leitbild Schulgeb\u00e4ude Kooperation im Kollegium Kooperation mit Eltern Kooperation mit au\u00dferschulischen Partnern Schuleingangsphase Individuelle F\u00f6rderung Lernzeiten<\/p>\n","protected":false},"author":1,"featured_media":0,"parent":0,"menu_order":0,"comment_status":"closed","ping_status":"closed","template":"","meta":{"footnotes":""},"class_list":["post-45","page","type-page","status-publish","hentry"],"_links":{"self":[{"href":"https:\/\/ggs-am-quadenweg.de\/c97_Xa3_\/wp-json\/wp\/v2\/pages\/45","targetHints":{"allow":["GET"]}}],"collection":[{"href":"https:\/\/ggs-am-quadenweg.de\/c97_Xa3_\/wp-json\/wp\/v2\/pages"}],"about":[{"href":"https:\/\/ggs-am-quadenweg.de\/c97_Xa3_\/wp-json\/wp\/v2\/types\/page"}],"author":[{"embeddable":true,"href":"https:\/\/ggs-am-quadenweg.de\/c97_Xa3_\/wp-json\/wp\/v2\/users\/1"}],"replies":[{"embeddable":true,"href":"https:\/\/ggs-am-quadenweg.de\/c97_Xa3_\/wp-json\/wp\/v2\/comments?post=45"}],"version-history":[{"count":3,"href":"https:\/\/ggs-am-quadenweg.de\/c97_Xa3_\/wp-json\/wp\/v2\/pages\/45\/revisions"}],"predecessor-version":[{"id":326,"href":"https:\/\/ggs-am-quadenweg.de\/c97_Xa3_\/wp-json\/wp\/v2\/pages\/45\/revisions\/326"}],"wp:attachment":[{"href":"https:\/\/ggs-am-quadenweg.de\/c97_Xa3_\/wp-json\/wp\/v2\/media?parent=45"}],"curies":[{"name":"wp","href":"https:\/\/api.w.org\/{rel}","templated":true}]}}